{"id":8,"date":"2019-03-11T11:41:04","date_gmt":"2019-03-11T10:41:04","guid":{"rendered":"http:\/\/www.mbhosting.eu\/preklady\/it\/page-3\/"},"modified":"2024-07-13T10:01:51","modified_gmt":"2024-07-13T08:01:51","slug":"traduzioni-ceco-italiano-italiano-ceco","status":"publish","type":"page","link":"https:\/\/www.preklady-tlumoceni-italstina.cz\/it\/traduzioni-ceco-italiano-italiano-ceco\/","title":{"rendered":"TRADUZIONI CECO-ITALIANO, ITALIANO-CECO"},"content":{"rendered":"<div class=\"nicepage-container\"><div class=\"\" style=\"\" >        <script>\n            (function ($) {\n                var ResponsiveCms = window.ResponsiveCms;\n                if (!ResponsiveCms) {\n                    return;\n                }\n                ResponsiveCms.contentDom = $('script:last').parent();\n                ResponsiveCms.prevMode = \"LG\";\n\n                if (typeof ResponsiveCms.recalcClasses === 'function') {\n                    ResponsiveCms.recalcClasses();\n                }\n            })(jQuery);\n        <\/script>\n        \n    \n    <section class=\"u-clearfix u-section-2\" id=\"sec-e7ed\">\n      <div class=\"u-clearfix u-sheet u-sheet-1\">\n        <div class=\"u-container-style u-expanded-width u-group u-group-1\">\n          <div class=\"u-container-layout u-container-layout-1\">\n            <h2 class=\"u-text u-text-1\"><b>TRADUZIONI ceco-italiano, italiano-ceco<\/b>\n              <br>\n            <\/h2>\n          <\/div>\n        <\/div>\n        <h3 class=\"u-text u-text-default u-text-2\"><b>Traduzioni pi\u00f9 richieste <\/b>\n        <\/h3>\n        <p class=\"u-text u-text-default u-text-3\"> Di solito mi\nchiedete di eseguire le seguenti traduzioni ceco-italiano: <\/p>\n        <ul class=\"u-text u-text-4\">\n          <li><b>traduzioni giuridiche e legali<\/b> (ad esempio contratti di\n     compravendita, di cessione di quota, di locazione, di lavoro, di fornitura\n     e di servizi, citazioni in tribunale, sentenze, ecc.);<b><\/b>\n          <\/li>\n          <li><b>traduzioni di\n     documentazione aziendale<\/b> (ad esempio atti costitutivi, verbali di assemblea generale,\n     relazioni annuali, bilanci, estratti del registro delle imprese, perizie\n     immobiliari, visure catastali, immatricolazioni del veicolo, ecc.);<b><\/b>\n          <\/li>\n          <li><b>traduzioni tecniche<\/b> (ad esempio istruzione per l\u2019uso,\n     manuali, documentazione tecnica, schede di sicurezza, dichiarazioni di\n     conformit\u00e0);\n          <\/li>\n          <li>traduzioni di marketing (ad esempio\n     cataloghi, materiale promozionale, presentazioni di prodotti);<\/li>\n          <li>traduzioni di siti web, presentazioni\n     aziendali, ecc.;<\/li>\n          <li>traduzioni di articoli scientifici e\n     divulgativi, libri.<\/li>\n        <\/ul>\n        <p class=\"u-text u-text-5\"> In altre parole,\ntraduco soprattutto testi nei seguenti settori: economia, diritto, contabilit\u00e0,\nmetalmeccanica, fonderia, edilizia, industria alimentare, salute e turismo.\nTuttavia, ho anche una vasta esperienza nella traduzione, per esempio, di testi\nscientifici, artistici e religiosi.\nQuasi tutte le\ntraduzioni possono essere eseguite anche come <span style=\"font-style: italic;\">traduzioni giurate<\/span>.<br>\n          <br>Tutte le traduzioni semplici (ovvero non giurate) vengono eseguite online.<br>\n        <\/p>\n        <h3 class=\"u-text u-text-6\"><b>Come procedere per avere una traduzione al ceco o all'italiano<br><\/b>\n        <\/h3>\n        <p class=\"u-text u-text-7\"> Potete consegnarmi i testi da\ntradurre in formato elettronico o stampati su cartaceo. Dopo aver ricevuto la richiesta,\nrilascio un preventivo che tiene conto della tipologia e difficolt\u00e0 del testo, della\nsua lunghezza e del tempo di consegna. L\u2019unit\u00e0 di base per calcolare la lunghezza della traduzione \u00e8 una\n\u201ccartella\u201d, ovvero 1.800 caratteri (compresi gli spazi). La lunghezza minima di\nuna traduzione \u00e8 di mezza cartella. Il prezzo concordato \u00e8 definitivo, perch\u00e9 non viene applicata\nl\u2019IVA. Riceverete la traduzione completa per posta\nelettronica. <\/p>\n      <\/div>\n    <\/section>\n    \n    \n    \n  \n<\/div><\/div>","protected":false},"excerpt":{"rendered":"<p>TRADUZIONI ceco-italiano, italiano-ceco Traduzioni pi\u00f9 richieste Di solito mi chiedete di eseguire le seguenti traduzioni ceco-italiano: traduzioni giuridiche e legali (ad esempio contratti di compravendita, di cessione di quota, di locazione, di lavoro, di fornitura e di servizi, citazioni in tribunale, sentenze, ecc.); traduzioni di documentazione aziendale (ad esempio atti costitutivi, verbali di assemblea generale, &hellip; <a href=\"https:\/\/www.preklady-tlumoceni-italstina.cz\/it\/traduzioni-ceco-italiano-italiano-ceco\/\" class=\"more-link\">Continue reading<span class=\"screen-reader-text\"> &#8220;TRADUZIONI CECO-ITALIANO, ITALIANO-CECO&#8221;<\/span><\/a><\/p>\n","protected":false},"author":1,"featured_media":0,"parent":0,"menu_order":2,"comment_status":"closed","ping_status":"closed","template":"","meta":{"footnotes":""},"aioseo_notices":[],"_links":{"self":[{"href":"https:\/\/www.preklady-tlumoceni-italstina.cz\/it\/wp-json\/wp\/v2\/pages\/8"}],"collection":[{"href":"https:\/\/www.preklady-tlumoceni-italstina.cz\/it\/wp-json\/wp\/v2\/pages"}],"about":[{"href":"https:\/\/www.preklady-tlumoceni-italstina.cz\/it\/wp-json\/wp\/v2\/types\/page"}],"author":[{"embeddable":true,"href":"https:\/\/www.preklady-tlumoceni-italstina.cz\/it\/wp-json\/wp\/v2\/users\/1"}],"replies":[{"embeddable":true,"href":"https:\/\/www.preklady-tlumoceni-italstina.cz\/it\/wp-json\/wp\/v2\/comments?post=8"}],"version-history":[{"count":14,"href":"https:\/\/www.preklady-tlumoceni-italstina.cz\/it\/wp-json\/wp\/v2\/pages\/8\/revisions"}],"predecessor-version":[{"id":128,"href":"https:\/\/www.preklady-tlumoceni-italstina.cz\/it\/wp-json\/wp\/v2\/pages\/8\/revisions\/128"}],"wp:attachment":[{"href":"https:\/\/www.preklady-tlumoceni-italstina.cz\/it\/wp-json\/wp\/v2\/media?parent=8"}],"curies":[{"name":"wp","href":"https:\/\/api.w.org\/{rel}","templated":true}]}}